{"id":5062,"date":"2022-01-10T14:18:12","date_gmt":"2022-01-10T14:18:12","guid":{"rendered":"https:\/\/hasznaltkapu.hu\/?post_type=product&#038;p=5062"},"modified":"2024-04-04T09:26:13","modified_gmt":"2024-04-04T09:26:13","slug":"ipari-motoros-redonyracs-kirakatvedo-racs-magassag-330-370cm-szelesseg-300-330cm","status":"publish","type":"product","link":"https:\/\/hasznaltkapu.hu\/?product=ipari-motoros-redonyracs-kirakatvedo-racs-magassag-330-370cm-szelesseg-300-330cm","title":{"rendered":"(28) Ipari motoros red\u0151nyr\u00e1cs\/kirakatv\u00e9d\u0151 r\u00e1cs, Magass\u00e1g: 330-370cm Sz\u00e9less\u00e9g: 300-330cm"},"content":{"rendered":"<p>28.<\/p>\n<p>Ipari motoros f\u00e9m red\u0151nyr\u00e1cs\/kirakatv\u00e9d\u0151 r\u00e1cs. Sz\u00e9p \u00e1llapot.<\/p>\n<p>Magass\u00e1g: 330-370cm<\/p>\n<p>Sz\u00e9less\u00e9g: 300-330cm<\/p>\n<p>Sz\u00edn: sz\u00fcrke<\/p>\n<p>T\u00e1vir\u00e1ny\u00edt\u00f3: nem<\/p>\n","protected":false},"excerpt":{"rendered":"<p>28. Ipari motoros f\u00e9m red\u0151nyr\u00e1cs\/kirakatv\u00e9d\u0151 r\u00e1cs. Sz\u00e9p \u00e1llapot. Magass\u00e1g: 330-370cm Sz\u00e9less\u00e9g: 300-330cm Sz\u00edn: sz\u00fcrke T\u00e1vir\u00e1ny\u00edt\u00f3: nem<\/p>\n","protected":false},"featured_media":5168,"comment_status":"closed","ping_status":"closed","template":"","meta":{"_seopress_robots_primary_cat":"","site-sidebar-layout":"default","site-content-layout":"default","ast-main-header-display":"","ast-hfb-above-header-display":"","ast-hfb-below-header-display":"","ast-hfb-mobile-header-display":"","site-post-title":"","ast-breadcrumbs-content":"","ast-featured-img":"","footer-sml-layout":"","theme-transparent-header-meta":"","adv-header-id-meta":"","stick-header-meta":"","header-above-stick-meta":"","header-main-stick-meta":"","header-below-stick-meta":"","spay_email":""},"product_cat":[84],"product_tag":[],"class_list":{"0":"post-5062","1":"product","2":"type-product","3":"status-publish","4":"has-post-thumbnail","6":"product_cat-redonykapu","8":"first","9":"instock","10":"sale","11":"shipping-taxable","12":"purchasable","13":"product-type-simple"},"_links":{"self":[{"href":"https:\/\/hasznaltkapu.hu\/index.php?rest_route=\/wp\/v2\/product\/5062","targetHints":{"allow":["GET"]}}],"collection":[{"href":"https:\/\/hasznaltkapu.hu\/index.php?rest_route=\/wp\/v2\/product"}],"about":[{"href":"https:\/\/hasznaltkapu.hu\/index.php?rest_route=\/wp\/v2\/types\/product"}],"replies":[{"embeddable":true,"href":"https:\/\/hasznaltkapu.hu\/index.php?rest_route=%2Fwp%2Fv2%2Fcomments&post=5062"}],"wp:featuredmedia":[{"embeddable":true,"href":"https:\/\/hasznaltkapu.hu\/index.php?rest_route=\/wp\/v2\/media\/5168"}],"wp:attachment":[{"href":"https:\/\/hasznaltkapu.hu\/index.php?rest_route=%2Fwp%2Fv2%2Fmedia&parent=5062"}],"wp:term":[{"taxonomy":"product_cat","embeddable":true,"href":"https:\/\/hasznaltkapu.hu\/index.php?rest_route=%2Fwp%2Fv2%2Fproduct_cat&post=5062"},{"taxonomy":"product_tag","embeddable":true,"href":"https:\/\/hasznaltkapu.hu\/index.php?rest_route=%2Fwp%2Fv2%2Fproduct_tag&post=5062"}],"curies":[{"name":"wp","href":"https:\/\/api.w.org\/{rel}","templated":true}]}}